{"id":283,"date":"2024-06-22T21:35:19","date_gmt":"2024-06-23T03:35:19","guid":{"rendered":"https:\/\/menu24.mx\/oferta\/?page_id=283"},"modified":"2025-11-25T14:03:51","modified_gmt":"2025-11-25T20:03:51","slug":"home","status":"publish","type":"page","link":"https:\/\/menu24.mx\/oferta\/","title":{"rendered":"home"},"content":{"rendered":"<div class=\"et_pb_section_0 et_pb_section et_section_regular et_block_section\"><div class=\"et_pb_row_0 et_pb_row et_block_row\"><div class=\"et_pb_column_0 et_pb_column et_pb_column_1_2 et_block_column et_pb_css_mix_blend_mode_passthrough\"><div class=\"et_pb_text_0 et_pb_text et_pb_bg_layout_light et_pb_module et_flex_module\"><div class=\"et_pb_text_inner\"><h1>\u00a1<span style=\"color: #000000;\">Digitaliza tu men\u00fa<\/span> y multiplica tus pedidos a <span style=\"color: #339966;\">WhatsApp<\/span>!<\/h1>\n<\/div><\/div><div class=\"et_pb_text_1 et_pb_text et_pb_bg_layout_light et_pb_module et_flex_module\"><div class=\"et_pb_text_inner\"><p><span>Ofrece a tus clientes un men\u00fa con datos de contacto, mapa de ubicaci\u00f3n, la posibilidad de realizar su pedido por WhatsApp sin salir de tu men\u00fa, a\u00f1adiendo al carrito su pedido y otras caracter\u00edsticas m\u00e1s.<\/span><\/p>\n<\/div><\/div><\/div><div class=\"et_pb_column_1 et_pb_column et_pb_column_1_2 et-last-child et_block_column et_pb_css_mix_blend_mode_passthrough\"><div class=\"et_pb_image_0 et_pb_image et_pb_module et_flex_module\"><span class=\"et_pb_image_wrap\"><img loading=\"lazy\" decoding=\"async\" src=\"http:\/\/menu24.mx\/oferta\/wp-content\/uploads\/sites\/5\/2024\/12\/Pantallas3.webp\" alt=\"Pantallas3\" title=\"Pantallas3\" width=\"1073\" height=\"820\" srcset=\"http:\/\/menu24.mx\/oferta\/wp-content\/uploads\/sites\/5\/2024\/12\/Pantallas3.webp 1073w, http:\/\/menu24.mx\/oferta\/wp-content\/uploads\/sites\/5\/2024\/12\/Pantallas3-980x749.webp 980w, http:\/\/menu24.mx\/oferta\/wp-content\/uploads\/sites\/5\/2024\/12\/Pantallas3-480x367.webp 480w\" sizes=\"(min-width: 0px) and (max-width: 480px) 480px, (min-width: 481px) and (max-width: 980px) 980px, (min-width: 981px) 1073px, 100vw\" class=\"wp-image-24379\" \/><\/span><\/div><\/div><\/div><\/div><div class=\"et_pb_section_1 et_pb_section et_section_regular et_block_section\"><div class=\"et_pb_row_1 et_pb_row et_pb_equal_columns et_pb_gutters2 et_block_row\"><div class=\"et_pb_column_2 et_pb_column et_pb_column_1_3 et_block_column et_pb_css_mix_blend_mode_passthrough\"><div class=\"et_pb_blurb_0 et_pb_blurb et_pb_bg_layout_light et_pb_blurb_position_left et_pb_module et_flex_module\"><div class=\"et_pb_blurb_content et_flex_module\"><div class=\"et_pb_blurb_container\"><h4 class=\"et_pb_module_header\">Aumento de ventas<\/h4><div class=\"et_pb_blurb_description\"><p>\ud83d\udcc8 Facilita el proceso de pedido, lo que impulsa a los clientes a ordenar m\u00e1s frecuentemente.<\/p>\n<\/div><\/div><\/div><\/div><\/div><div class=\"et_pb_column_3 et_pb_column et_pb_column_1_3 et_block_column et_pb_css_mix_blend_mode_passthrough\"><div class=\"et_pb_blurb_1 et_pb_blurb et_pb_bg_layout_light et_pb_blurb_position_left et_pb_module et_flex_module\"><div class=\"et_pb_blurb_content et_flex_module\"><div class=\"et_pb_blurb_container\"><h4 class=\"et_pb_module_header\">Ahorro de tiempo<\/h4><div class=\"et_pb_blurb_description\"><p>\u23f1\ufe0fActualiza el men\u00fa en tiempo real desde Google Sheets sin complicaciones.<\/p>\n<\/div><\/div><\/div><\/div><\/div><div class=\"et_pb_column_4 et_pb_column et_pb_column_1_3 et-last-child et_block_column et_pb_css_mix_blend_mode_passthrough\"><div class=\"et_pb_blurb_2 et_pb_blurb et_pb_bg_layout_light et_pb_blurb_position_left et_pb_module et_flex_module\"><div class=\"et_pb_blurb_content et_flex_module\"><div class=\"et_pb_blurb_container\"><h4 class=\"et_pb_module_header\">Accesibilidad<\/h4><div class=\"et_pb_blurb_description\"><p>\ud83d\udcf1Los clientes pueden hacer pedidos desde cualquier lugar a trav\u00e9s de WhatsApp.<\/p>\n<\/div><\/div><\/div><\/div><\/div><\/div><div class=\"et_pb_row_2 et_pb_row et_pb_equal_columns et_pb_gutters2 et_block_row\"><div class=\"et_pb_column_5 et_pb_column et_pb_column_1_3 et_block_column et_pb_css_mix_blend_mode_passthrough\"><div class=\"et_pb_blurb_3 et_pb_blurb et_pb_bg_layout_light et_pb_blurb_position_left et_pb_module et_flex_module\"><div class=\"et_pb_blurb_content et_flex_module\"><div class=\"et_pb_blurb_container\"><h4 class=\"et_pb_module_header\">Comunicaci\u00f3n y seguimiento<\/h4><div class=\"et_pb_blurb_description\"><p>\ud83e\udd1d Mant\u00e9n una comunicaci\u00f3n directa y fluida con tus clientes mejorando la satisfacci\u00f3n.<\/p>\n<\/div><\/div><\/div><\/div><\/div><div class=\"et_pb_column_6 et_pb_column et_pb_column_1_3 et_block_column et_pb_css_mix_blend_mode_passthrough\"><div class=\"et_pb_blurb_4 et_pb_blurb et_pb_bg_layout_light et_pb_blurb_position_left et_pb_module et_flex_module\"><div class=\"et_pb_blurb_content et_flex_module\"><div class=\"et_pb_blurb_container\"><h4 class=\"et_pb_module_header\">Reducci\u00f3n de errores<\/h4><div class=\"et_pb_blurb_description\"><p>\ud83e\uddd8Minimiza los errores en los pedidos al tener un sistema claro y actualizado.<\/p>\n<\/div><\/div><\/div><\/div><\/div><div class=\"et_pb_column_7 et_pb_column et_pb_column_1_3 et-last-child et_block_column et_pb_css_mix_blend_mode_passthrough\"><div class=\"et_pb_blurb_5 et_pb_blurb et_pb_bg_layout_light et_pb_blurb_position_left et_pb_module et_flex_module\"><div class=\"et_pb_blurb_content et_flex_module\"><div class=\"et_pb_blurb_container\"><h4 class=\"et_pb_module_header\">Modernizaci\u00f3n del negocio<\/h4><div class=\"et_pb_blurb_description\"><p>\ud83c\udf1f Proyecta una imagen moderna y eficiente que atraer\u00e1 a m\u00e1s clientes.<\/p>\n<\/div><\/div><\/div><\/div><\/div><\/div><\/div><div class=\"et_pb_section_2 et_pb_section et_section_regular et_block_section\"><div class=\"et_d4_element et_pb_row et_pb_row_9  et_pb_css_mix_blend_mode et_block_row\">\n\t\t\t\t<div class=\"et_d4_element et_pb_column_4_4 et_pb_column et_pb_column_15  et_pb_css_mix_blend_mode et-last-child et_block_column\">\n\t\t\t\t\n\t\t\t\t\n\t\t\t\t\n\t\t\t\t\n\t\t\t\t<div class=\"et_pb_module et_d4_element et_pb_text et_pb_text_11  et_pb_text_align_center et_pb_bg_layout_light\">\n\t\t\t\t\n\t\t\t\t\n\t\t\t\t\n\t\t\t\t\n\t\t\t\t<div class=\"et_pb_text_inner\"><p><span style=\"color: #000000;\">\u00bfC\u00f3mo funciona este men\u00fa?<\/span><\/p><\/div>\n\t\t\t<\/div>\n\t\t\t<\/div>\n\t\t\t\t\n\t\t\t\t\n\t\t\t\t\n\t\t\t\t\n\t\t\t<\/div><div class=\"et_pb_row_3 et_pb_row et_block_row\"><div class=\"et_pb_column_8 et_pb_column et_pb_column_1_3 et_block_column et_pb_css_mix_blend_mode_passthrough\">[dsm_card title=\"Tu men\u00fa a un click de distancia\" subtitle=\"Tus clientes ordenan sin instalar nada, solo con un enlace.\" image=\"http:\/\/menu24.mx\/oferta\/wp-content\/uploads\/sites\/5\/2025\/04\/Pedido1.webp\" image_background_height=\"460px\" badge_text=\"1\" badge_background_color=\"#20c16e\" alt=\"Pedido1\" button_url_new_window=\"1\" _builder_version=\"4.27.4\" _module_preset=\"default\" badge_font=\"Montserrat||||||||\" badge_text_color=\"#FFFFFF\" badge_font_size=\"30px\" badge_letter_spacing=\"2px\" header_font=\"Montserrat|700|||||||\" header_text_align=\"center\" header_font_size=\"24px\" subhead_font=\"Montserrat||||||||\" subhead_text_align=\"center\" subhead_font_size=\"16px\" subhead_line_height=\"1.1em\" border_radii_image=\"on|10px|10px|10px|10px\" global_colors_info=\"{}\"][\/dsm_card]<\/div><div class=\"et_pb_column_9 et_pb_column et_pb_column_1_3 et_block_column et_pb_css_mix_blend_mode_passthrough\">[dsm_card title=\"M\u00e1s ventas, menos complicaciones\" subtitle=\"Recibe pedidos completos, listos para entregar y cobrar.\" image=\"http:\/\/menu24.mx\/oferta\/wp-content\/uploads\/sites\/5\/2025\/04\/Pedido2.webp\" image_background_height=\"460px\" badge_text=\"2\" badge_background_color=\"#20c16e\" alt=\"Pedido2\" button_url_new_window=\"1\" _builder_version=\"4.27.4\" _module_preset=\"default\" badge_font=\"Montserrat||||||||\" badge_text_color=\"#FFFFFF\" badge_font_size=\"30px\" badge_letter_spacing=\"-3px\" header_font=\"Montserrat|700|||||||\" header_text_align=\"center\" header_font_size=\"24px\" subhead_font=\"Montserrat||||||||\" subhead_text_align=\"center\" subhead_font_size=\"16px\" subhead_line_height=\"1.1em\" border_radii_image=\"on|10px|10px|10px|10px\" locked=\"off\" global_colors_info=\"{}\"][\/dsm_card]<\/div><div class=\"et_pb_column_10 et_pb_column et_pb_column_1_3 et-last-child et_block_column et_pb_css_mix_blend_mode_passthrough\">[dsm_card title=\"Organiza y entrega sin estr\u00e9s\" subtitle=\"Simplifica pedidos, gana tiempo y enf\u00f3cate en vender m\u00e1s.\" image=\"http:\/\/menu24.mx\/oferta\/wp-content\/uploads\/sites\/5\/2025\/04\/Pedido3.webp\" image_background_height=\"460px\" badge_text=\"3\" badge_background_color=\"#20c16e\" alt=\"Pedido3\" button_url_new_window=\"1\" _builder_version=\"4.27.4\" _module_preset=\"default\" badge_font=\"Montserrat||||||||\" badge_text_color=\"#FFFFFF\" badge_font_size=\"30px\" header_font=\"Montserrat|700|||||||\" header_text_align=\"center\" header_font_size=\"24px\" subhead_font=\"Montserrat||||||||\" subhead_text_align=\"center\" subhead_font_size=\"16px\" subhead_line_height=\"1.1em\" border_radii_image=\"on|10px|10px|10px|10px\" locked=\"off\" global_colors_info=\"{}\"][\/dsm_card]<\/div><\/div><\/div><div class=\"et_pb_section_3 et_pb_section et_section_regular et_block_section\"><div class=\"et_pb_row_4 et_pb_row et-vb-row--no-module et_block_row\"><div class=\"et_pb_with_border et_pb_column_1_3 et_d4_element et_pb_column et_pb_column_16  et_pb_css_mix_blend_mode et_block_column\">\n\t\t\t\t\n\t\t\t\t\n\t\t\t\t\n\t\t\t\t\n\t\t\t\t<div class=\"et_pb_module et_d4_element et_pb_image et_pb_image_1 foco-incandescente\">\n\t\t\t\t\n\t\t\t\t\n\t\t\t\t\n\t\t\t\t\n\t\t\t\t<a href=\"http:\/\/acorta.la\/menudemo\" target=\"_blank\"><span class=\"et_pb_image_wrap has-box-shadow-overlay\"><div class=\"box-shadow-overlay\"><\/div><img loading=\"lazy\" decoding=\"async\" width=\"1160\" height=\"1160\" src=\"http:\/\/menu24.mx\/oferta\/wp-content\/uploads\/sites\/5\/2025\/04\/qr-code-1.png\" alt=\"Qr code (1)\" title=\"qr-code (1)\" srcset=\"https:\/\/menu24.mx\/oferta\/wp-content\/uploads\/sites\/5\/2025\/04\/qr-code-1.png 1160w, https:\/\/menu24.mx\/oferta\/wp-content\/uploads\/sites\/5\/2025\/04\/qr-code-1-980x980.png 980w, https:\/\/menu24.mx\/oferta\/wp-content\/uploads\/sites\/5\/2025\/04\/qr-code-1-480x480.png 480w\" sizes=\"(min-width: 0px) and (max-width: 480px) 480px, (min-width: 481px) and (max-width: 980px) 980px, (min-width: 981px) 1160px, 100vw\" class=\"wp-image-24464\" \/><\/span><\/a>\n\t\t\t<\/div><div class=\"et_pb_module et_d4_element et_pb_text et_pb_text_12  et_pb_text_align_center et_pb_bg_layout_light\">\n\t\t\t\t\n\t\t\t\t\n\t\t\t\t\n\t\t\t\t\n\t\t\t\t<div class=\"et_pb_text_inner\"><p><span>ESCANEA QR o DA CLIC<\/span><\/p><\/div>\n\t\t\t<\/div>\n\t\t\t<\/div><div class=\"et_d4_element et_pb_column_2_3 et_pb_column et_pb_column_17  et_pb_css_mix_blend_mode et_block_column\">\n\t\t\t\t\n\t\t\t\t\n\t\t\t\t\n\t\t\t\t\n\t\t\t\t<div class=\"et_pb_module et_d4_element et_pb_text et_pb_text_13  et_pb_text_align_left et_pb_text_align_center-phone et_pb_bg_layout_light\">\n\t\t\t\t\n\t\t\t\t\n\t\t\t\t\n\t\t\t\t\n\t\t\t\t<div class=\"et_pb_text_inner\"><p><strong><span style=\"font-size: xx-large;\">\u00a1Descubre c\u00f3mo se ver\u00eda tu men\u00fa digital!<\/span><\/strong><\/p>\n<p><strong><span style=\"font-size: xx-large;\"><\/span><\/strong><\/p>\n<p>Escanea el c\u00f3digo QR y explora una demostraci\u00f3n en vivo del men\u00fa que podr\u00edas ofrecer a tus clientes.<\/p>\n<p><strong>F\u00e1cil de usar, atractivo y personalizable<\/strong> para que tu negocio destaque y aumentes tus pedidos. \u00a1Haz clic en la experiencia que transformar\u00e1 tus pedidos!<\/p><\/div>\n\t\t\t<\/div>\n\t\t\t<\/div><\/div><\/div><div class=\"et_pb_section_4 et_pb_section et_section_regular et_block_section\"><div class=\"et_pb_row_5 et_pb_row et_block_row\"><div class=\"et_pb_column_11 et_pb_column et_pb_column_4_4 et-last-child et_block_column et_pb_css_mix_blend_mode_passthrough\"><div class=\"et_pb_text_2 et_pb_text et_pb_bg_layout_light et_pb_module et_flex_module\"><div class=\"et_pb_text_inner\"><h2>Comparte tu men\u00fa.\u00a0 Recibe pedidos.\u00a0 <span style=\"color: #339966;\">Crece tu negocio.<\/span><\/h2>\n<\/div><\/div><\/div><\/div><div class=\"et_pb_row_6 et_pb_row et_pb_equal_columns et_pb_gutters2 et_block_row\"><div class=\"et_pb_column_12 et_pb_column et_pb_column_4_4 et-last-child et_block_column et_pb_css_mix_blend_mode_passthrough\"><div class=\"et_pb_text_3 et_pb_text et_pb_bg_layout_light et_pb_module et_flex_module\"><div class=\"et_pb_text_inner\"><p>PRECIO POR LANZAMIENTO<\/p>\n<div id=\"gtx-trans\" style=\"position: absolute; left: -118px; top: 38.2461px;\">\n<div class=\"gtx-trans-icon\"><\/div>\n<\/div>\n<\/div><\/div><div class=\"et_pb_text_4 et_pb_text et_pb_bg_layout_light et_pb_module et_flex_module\"><div class=\"et_pb_text_inner\"><p>$399 MXN<\/p>\n<\/div><\/div><div class=\"et_pb_text_5 et_pb_text et_pb_bg_layout_light et_pb_module et_flex_module\"><div class=\"et_pb_text_inner\"><p>Menos que el precio de venta de una bebida al d\u00eda<\/p>\n<\/div><\/div><div class=\"et_pb_text_6 et_pb_text et_pb_bg_layout_light et_pb_module et_flex_module\"><div class=\"et_pb_text_inner\"><p>plan mensual<\/p>\n<div id=\"gtx-trans\" style=\"position: absolute; left: -118px; top: 38.2461px;\">\n<div class=\"gtx-trans-icon\"><\/div>\n<\/div>\n<\/div><\/div><div class=\"et_pb_text_7 et_pb_text et_pb_bg_layout_light et_pb_module et_flex_module\"><div class=\"et_pb_text_inner\"><p><span>ESTE PRECIO NO ESTAR\u00c1 DISPONIBLE POR MUCHO TIEMPO<\/span><\/p>\n<div id=\"gtx-trans\" style=\"position: absolute; left: -118px; top: 38.2461px;\">\n<div class=\"gtx-trans-icon\"><\/div>\n<\/div>\n<\/div><\/div><\/div><\/div><\/div><div class=\"et_pb_section_5 et_pb_section et_section_regular et_block_section\"><div class=\"et_pb_row_7 et_pb_row et_block_row app-33-inlbtn-sc\" id=\"formulario\"><div class=\"et_pb_column_13 et_pb_column et_pb_column_4_4 et-last-child et_block_column et_pb_css_mix_blend_mode_passthrough et_animated\"><div class=\"et_pb_text_8 et_pb_text et_pb_bg_layout_light et_pb_module et_flex_module\"><div class=\"et_pb_text_inner\"><h2>\u00bfTienes dudas?<\/h2>\n<\/div><\/div><div class=\"et_pb_text_9 et_pb_text et_pb_bg_layout_light et_pb_module et_flex_module\"><div class=\"et_pb_text_inner\"><h2>\ud83d\udcac Cont\u00e1ctanos por WhatsApp y ap\u00fantate a la lista de lanzamiento<\/h2>\n<\/div><\/div><div class=\"et_pb_module et_pb_button_module_wrapper et_pb_button_0_wrapper\"><a class=\"et_pb_button_0 et_pb_button et_pb_bg_layout_light et_pb_module et_flex_module dl-pulse\" href=\"https:\/\/api.whatsapp.com\/send?phone=5213327214586&#038;text=%F0%9F&#091;%8B%20Hola,%20necesito%20m%C3%A1s%20informaci%C3%B3n%20del%20men%C3%BA%20digital.\" target=\"_blank\" data-icon=\"\uf232\" id=\"botonWhatsapp\">\u00a1QUIERO APUNTARME!<\/a><\/div><div class=\"et_pb_code_0 et_pb_code et_pb_module\"><div class=\"et_pb_code_inner\"><script>\n\/\/ URL del script de Google Apps Script\nvar scriptUrl = \"https:\/\/script.google.com\/macros\/s\/AKfycbylds4f71RvU5Te_rLIH6xQVaFfRTlVWSgwaypQcxwZVQbvzZ6NGg_gO1yPqDnno09B\/exec\"; \/\/ Aseg\u00farate de reemplazar con la URL correcta\n\n\/\/ Funci\u00f3n para obtener los n\u00fameros de WhatsApp autorizados desde Google Sheets\nfunction getNumerosAutorizados() {\n  return fetch(scriptUrl)\n    .then(response => {\n      console.log(\"Respuesta del fetch:\", response); \/\/ Para depuraci\u00f3n\n      if (!response.ok) {\n        throw new Error('Network response was not ok ' + response.statusText);\n      }\n      return response.json();\n    })\n    .then(data => {\n      console.log(\"N\u00fameros autorizados:\", data); \/\/ Para depuraci\u00f3n\n      return data;\n    })\n    .catch(error => {\n      console.error(\"Error al obtener los n\u00fameros autorizados:\", error);\n      return [];\n    });\n}\n\n\/\/ Obt\u00e9n el valor del par\u00e1metro 'wa' de la URL\nvar urlParams = new URLSearchParams(window.location.search);\nvar numeroWhatsApp = urlParams.get('wa');\nconsole.log(\"N\u00famero de WhatsApp de la URL:\", numeroWhatsApp); \/\/ Para depuraci\u00f3n\n\n\/\/ Obtener y verificar los n\u00fameros autorizados\ngetNumerosAutorizados().then(numerosAutorizados => {\n  \/\/ Para depuraci\u00f3n, verifica si los n\u00fameros autorizados se obtienen correctamente\n  console.log(\"N\u00fameros autorizados despu\u00e9s de la llamada:\", numerosAutorizados);\n\n  \/\/ Convertir los n\u00fameros autorizados a cadena para asegurarnos de la comparaci\u00f3n correcta\n  var numerosAutorizadosStr = numerosAutorizados.map(String);\n\n  \/\/ Si se proporciona el par\u00e1metro 'wa' en la URL y no est\u00e1 autorizado, redirige a la p\u00e1gina web espec\u00edfica\n  if (numeroWhatsApp && !numerosAutorizadosStr.includes(numeroWhatsApp)) {\n    console.log(\"N\u00famero no autorizado, redirigiendo...\"); \/\/ Para depuraci\u00f3n\n    window.location.href = \"https:\/\/www.menu24.mx\/oferta\"; \/\/ Reemplaza con la URL deseada\n  }\n\n  \/\/ Obt\u00e9n el bot\u00f3n de WhatsApp\n  var botonWhatsapp = document.getElementById(\"botonWhatsapp\");\n\n  \/\/ Verifica si el bot\u00f3n existe\n  if (botonWhatsapp) {\n    \/\/ Agrega un evento de clic al bot\u00f3n de WhatsApp\n    botonWhatsapp.addEventListener(\"click\", function(event) {\n      event.preventDefault(); \/\/ Evita la acci\u00f3n predeterminada del bot\u00f3n\n      \n      \/\/ Verifica si se proporcion\u00f3 un n\u00famero de WhatsApp en la URL\n      if (numeroWhatsApp) {\n        \/\/ Si el n\u00famero de WhatsApp est\u00e1 autorizado, redirige al n\u00famero especificado\n        var mensajePredefinido = \"Hola, quiero m\u00e1s informaci\u00f3n sobre el men\u00fa digital.\";\n        var urlWhatsApp = \"https:\/\/api.whatsapp.com\/send?phone=\" + numeroWhatsApp + \"&text=\" + encodeURIComponent(mensajePredefinido);\n        window.open(urlWhatsApp, '_blank'); \/\/ Abre en una nueva ventana\n      } else {\n        \/\/ Si no se proporciona el par\u00e1metro 'wa' en la URL, redirige al n\u00famero de WhatsApp predeterminado\n        var numeroWhatsAppPredeterminado = \"523323257675\"; \/\/ Reemplaza con el n\u00famero predeterminado deseado\n        var mensajePredefinido = \"Hola, quiero m\u00e1s informaci\u00f3n sobre el men\u00fa digital.\";\n        var urlWhatsAppPredeterminado = \"https:\/\/api.whatsapp.com\/send?phone=\" + numeroWhatsAppPredeterminado + \"&text=\" + encodeURIComponent(mensajePredefinido);\n        window.open(urlWhatsAppPredeterminado, '_blank'); \/\/ Abre en una nueva ventana\n      }\n    });\n  } else {\n    console.error(\"El bot\u00f3n de WhatsApp no se encontr\u00f3.\");\n  }\n});\n<\/script>\n<\/div><\/div><\/div><\/div><\/div><div class=\"et_pb_section_6 et_pb_section et_section_regular et_block_section\"><div class=\"et_pb_row_8 et_pb_row et_block_row\"><div class=\"et_pb_column_14 et_pb_column et_pb_column_4_4 et-last-child et_block_column et_pb_css_mix_blend_mode_passthrough\"><div class=\"et_pb_text_10 et_pb_text et_pb_bg_layout_light et_pb_module et_flex_module\"><div class=\"et_pb_text_inner\"><p>Guadalajara, M\u00e9xico 2025<\/p>\n<div id=\"gtx-trans\" style=\"position: absolute; left: 191px; top: -9.50391px;\">\n<div class=\"gtx-trans-icon\"><\/div>\n<\/div>\n<\/div><\/div><\/div><\/div><\/div>","protected":false},"excerpt":{"rendered":"<p>\ud83d\udcb5 Vende m\u00e1s con WhatsApp<\/p>\n","protected":false},"author":1,"featured_media":24071,"parent":0,"menu_order":0,"comment_status":"closed","ping_status":"closed","template":"","meta":{"slim_seo":{"title":"Oferta - Digitaliza tu negocio de comida","facebook_image":"http:\/\/menu24.mx\/oferta\/wp-content\/uploads\/sites\/5\/2024\/06\/ADS_Menu24_1.webp","twitter_image":"http:\/\/menu24.mx\/oferta\/wp-content\/uploads\/sites\/5\/2024\/06\/ADS_Menu24_1.webp","noindex":"1","description":"\ud83d\udcb5 Vende m\u00e1s con WhatsApp"},"_et_pb_use_builder":"on","_et_pb_old_content":"","_et_gb_content_width":"","uix_meta_title":"","uix_meta_description":"","uix_canonical_url":"","footnotes":""},"class_list":["post-283","page","type-page","status-publish","has-post-thumbnail","hentry"],"dsm_author":{"name":"hectorarielg","avatar_url":"https:\/\/secure.gravatar.com\/avatar\/664092dc570da9c794710485cbf9d6cab02d349b4a1c67fc2e18b815f8c86d25?s=96&d=mm&r=g","archive_link":"https:\/\/menu24.mx\/oferta\/blog\/author\/hectorarielg\/","biodata":""},"dsm_categories":[],"dsm_attachment_categories":[],"dsm_featured_image":{"thumbnail":"https:\/\/menu24.mx\/oferta\/wp-content\/uploads\/sites\/5\/2024\/06\/ADS_Menu24_1-150x150.webp","medium":"https:\/\/menu24.mx\/oferta\/wp-content\/uploads\/sites\/5\/2024\/06\/ADS_Menu24_1-300x158.webp","medium_large":"https:\/\/menu24.mx\/oferta\/wp-content\/uploads\/sites\/5\/2024\/06\/ADS_Menu24_1-768x403.webp","large":"https:\/\/menu24.mx\/oferta\/wp-content\/uploads\/sites\/5\/2024\/06\/ADS_Menu24_1-1024x538.webp","1536x1536":"https:\/\/menu24.mx\/oferta\/wp-content\/uploads\/sites\/5\/2024\/06\/ADS_Menu24_1.webp","2048x2048":"https:\/\/menu24.mx\/oferta\/wp-content\/uploads\/sites\/5\/2024\/06\/ADS_Menu24_1.webp","et-pb-post-main-image":"https:\/\/menu24.mx\/oferta\/wp-content\/uploads\/sites\/5\/2024\/06\/ADS_Menu24_1-400x250.webp","et-pb-post-main-image-fullwidth":"https:\/\/menu24.mx\/oferta\/wp-content\/uploads\/sites\/5\/2024\/06\/ADS_Menu24_1-1080x630.webp","et-pb-portfolio-image":"https:\/\/menu24.mx\/oferta\/wp-content\/uploads\/sites\/5\/2024\/06\/ADS_Menu24_1-400x284.webp","et-pb-portfolio-module-image":"https:\/\/menu24.mx\/oferta\/wp-content\/uploads\/sites\/5\/2024\/06\/ADS_Menu24_1-510x382.webp","et-pb-portfolio-image-single":"https:\/\/menu24.mx\/oferta\/wp-content\/uploads\/sites\/5\/2024\/06\/ADS_Menu24_1-1080x567.webp","et-pb-gallery-module-image-portrait":"https:\/\/menu24.mx\/oferta\/wp-content\/uploads\/sites\/5\/2024\/06\/ADS_Menu24_1-400x516.webp","et-pb-post-main-image-fullwidth-large":"https:\/\/menu24.mx\/oferta\/wp-content\/uploads\/sites\/5\/2024\/06\/ADS_Menu24_1.webp","et-pb-image--responsive--desktop":"https:\/\/menu24.mx\/oferta\/wp-content\/uploads\/sites\/5\/2024\/06\/ADS_Menu24_1.webp","et-pb-image--responsive--tablet":"https:\/\/menu24.mx\/oferta\/wp-content\/uploads\/sites\/5\/2024\/06\/ADS_Menu24_1-980x515.webp","et-pb-image--responsive--phone":"https:\/\/menu24.mx\/oferta\/wp-content\/uploads\/sites\/5\/2024\/06\/ADS_Menu24_1-480x252.webp","full":"https:\/\/menu24.mx\/oferta\/wp-content\/uploads\/sites\/5\/2024\/06\/ADS_Menu24_1.webp"},"_links":{"self":[{"href":"https:\/\/menu24.mx\/oferta\/wp-json\/wp\/v2\/pages\/283","targetHints":{"allow":["GET"]}}],"collection":[{"href":"https:\/\/menu24.mx\/oferta\/wp-json\/wp\/v2\/pages"}],"about":[{"href":"https:\/\/menu24.mx\/oferta\/wp-json\/wp\/v2\/types\/page"}],"author":[{"embeddable":true,"href":"https:\/\/menu24.mx\/oferta\/wp-json\/wp\/v2\/users\/1"}],"replies":[{"embeddable":true,"href":"https:\/\/menu24.mx\/oferta\/wp-json\/wp\/v2\/comments?post=283"}],"version-history":[{"count":57,"href":"https:\/\/menu24.mx\/oferta\/wp-json\/wp\/v2\/pages\/283\/revisions"}],"predecessor-version":[{"id":24494,"href":"https:\/\/menu24.mx\/oferta\/wp-json\/wp\/v2\/pages\/283\/revisions\/24494"}],"wp:featuredmedia":[{"embeddable":true,"href":"https:\/\/menu24.mx\/oferta\/wp-json\/wp\/v2\/media\/24071"}],"wp:attachment":[{"href":"https:\/\/menu24.mx\/oferta\/wp-json\/wp\/v2\/media?parent=283"}],"curies":[{"name":"wp","href":"https:\/\/api.w.org\/{rel}","templated":true}]}}